{"id":56,"date":"2023-01-31T22:42:13","date_gmt":"2023-01-31T22:42:13","guid":{"rendered":"https:\/\/kryptaria.de\/?page_id=56"},"modified":"2023-02-01T01:05:52","modified_gmt":"2023-02-01T01:05:52","slug":"krypto-mining","status":"publish","type":"page","link":"https:\/\/kryptaria.de\/?page_id=56","title":{"rendered":"Krypto Mining"},"content":{"rendered":"\n<h2 class=\"wp-block-heading\"><\/h2>\n\n\n\n<h2 class=\"wp-block-heading\"><\/h2>\n\n\n\n<p><strong>Kryptow\u00e4hrungen<\/strong> k\u00f6nnen mit <strong>der entsprechenden<\/strong> Hard- und Software <strong>auch separat<\/strong> gesch\u00fcrft <strong>werden.<br>Strom ist teuer<\/strong> in <strong>Deutschland, daher ist das Einkommen nat\u00fcrlich<\/strong> relativ <strong>gering, aber es ist trotzdem<\/strong> ein <strong>Erlebnis. In<\/strong> diesem <strong>Kapitel erfahren Sie,<\/strong> welche Mining-Software f\u00fcr <strong>Einsteiger geeignet ist<\/strong> und was <strong>Sie<\/strong> beim <strong>Sch\u00fcrfen von Kryptow\u00e4hrungen<\/strong> beachten <strong>m\u00fcssen.<\/strong><\/p>\n\n\n\n<p><strong>&#x26cf;&#xfe0f;<\/strong> Was ist <strong>Kryptow\u00e4hrungs-Mining?<br>Kryptow\u00e4hrungs-Mining ist<\/strong> der <strong>Prozess,<\/strong> bei dem <strong>Proof-of-Work-Kryptow\u00e4hrungen<\/strong> wie Bitcoin (BTC) durch Bereitstellung von Rechenleistung <strong>abgebaut<\/strong> werden. Die H\u00f6he <strong>des Bonus<\/strong> h\u00e4ngt von der <strong>verwendeten Rechenleistung ab.<br>Mining-Pool f\u00fcr Kryptow\u00e4hrungen von Binance<br><br>Um das<\/strong> mit dem <strong>Binance-Pool verbundene Bitcoin-Mining<\/strong> nutzen zu k\u00f6nnen, <strong>ben\u00f6tigen Sie:<br><br>Binance* Konto<\/strong> (ca. 10 <strong>Minuten)<br>Betriebssystem<\/strong> Windows oder <strong>Linux<br>Tolles Nebenprogramm<\/strong> (ca. 10 <strong>Minuten)<br><br>Eine<\/strong> der einfachsten <strong>M\u00f6glichkeiten,<\/strong> Kryptow\u00e4hrungen mit <strong>eigener Rechenleistung pers\u00f6nlich<\/strong> zu <strong>sch\u00fcrfen (insbesondere f\u00fcr Nicht-Techniker),<\/strong> ist die Kombination <strong>des Binance-Pools<\/strong> mit der Mining-Software Awesome <strong>Miner. In diesem Video finden Sie detaillierte Anweisungen zur<\/strong> Einrichtung, <strong>Abrechnung und<\/strong> allen Vor- und <strong>Nachteilen.<\/strong><\/p>\n","protected":false},"excerpt":{"rendered":"<p>Kryptow\u00e4hrungen k\u00f6nnen mit der entsprechenden Hard- und Software auch separat gesch\u00fcrft werden.Strom ist teuer in Deutschland, daher ist das Einkommen nat\u00fcrlich relativ gering, aber es ist trotzdem ein Erlebnis. In diesem Kapitel erfahren Sie, welche Mining-Software f\u00fcr Einsteiger geeignet ist und was Sie beim Sch\u00fcrfen von Kryptow\u00e4hrungen beachten m\u00fcssen. &#x26cf;&#xfe0f; Was ist Kryptow\u00e4hrungs-Mining?Kryptow\u00e4hrungs-Mining ist der [&hellip;]<\/p>\n","protected":false},"author":2,"featured_media":0,"parent":0,"menu_order":0,"comment_status":"closed","ping_status":"closed","template":"","meta":{"footnotes":""},"class_list":["post-56","page","type-page","status-publish","hentry"],"_links":{"self":[{"href":"https:\/\/kryptaria.de\/index.php?rest_route=\/wp\/v2\/pages\/56","targetHints":{"allow":["GET"]}}],"collection":[{"href":"https:\/\/kryptaria.de\/index.php?rest_route=\/wp\/v2\/pages"}],"about":[{"href":"https:\/\/kryptaria.de\/index.php?rest_route=\/wp\/v2\/types\/page"}],"author":[{"embeddable":true,"href":"https:\/\/kryptaria.de\/index.php?rest_route=\/wp\/v2\/users\/2"}],"replies":[{"embeddable":true,"href":"https:\/\/kryptaria.de\/index.php?rest_route=%2Fwp%2Fv2%2Fcomments&post=56"}],"version-history":[{"count":3,"href":"https:\/\/kryptaria.de\/index.php?rest_route=\/wp\/v2\/pages\/56\/revisions"}],"predecessor-version":[{"id":64,"href":"https:\/\/kryptaria.de\/index.php?rest_route=\/wp\/v2\/pages\/56\/revisions\/64"}],"wp:attachment":[{"href":"https:\/\/kryptaria.de\/index.php?rest_route=%2Fwp%2Fv2%2Fmedia&parent=56"}],"curies":[{"name":"wp","href":"https:\/\/api.w.org\/{rel}","templated":true}]}}