{"id":15,"date":"2023-01-30T16:04:20","date_gmt":"2023-01-30T16:04:20","guid":{"rendered":"https:\/\/kryptaria.de\/?page_id=15"},"modified":"2023-02-01T01:00:33","modified_gmt":"2023-02-01T01:00:33","slug":"krypto-faucets","status":"publish","type":"page","link":"https:\/\/kryptaria.de\/?page_id=15","title":{"rendered":"Krypto Faucets"},"content":{"rendered":"\n<h2 class=\"has-white-color has-vivid-cyan-blue-background-color has-text-color has-background wp-block-heading\">F\u00fcr kleine Aufgaben mit Kryptow\u00e4hrungen belohnt werden<\/h2>\n\n\n\n<h2 class=\"wp-block-heading\"><\/h2>\n\n\n\n<p><strong>Crypto Faucet erweckt<\/strong> den Eindruck, dass jeder <strong>ganz einfach und<\/strong> ohne Risiko <strong>kostenlose<\/strong> Kryptow\u00e4hrungen <strong>gewinnen kann. <\/strong><\/p>\n\n\n\n<p><strong>Allerdings<\/strong> gibt es einige <strong>Dinge<\/strong> zu beachten <strong>(ganz<\/strong> zu <strong>schweigen von einigen Armaturenanbietern, die \u201eseri\u00f6s\u201c ganz klein schreiben).<br>In<\/strong> diesem Kapitel <strong>erfahren Sie mehr \u00fcber Crypto Faucet im Jahr 2022<\/strong> und <strong>die Probleme, mit denen Sie mit Faucet Krypto verdienen k\u00f6nnen.<\/strong><\/p>\n\n\n\n<p><strong>&#x1f4a7;<\/strong> Was <strong>ist Crypto Faucet?<br>Cryptocurrency Faucet (allgemein<\/strong> Bitcoin Faucet <strong>genannt) ist eine Website,<\/strong> die <strong>Kryptow\u00e4hrungen im Austausch<\/strong> f\u00fcr <strong>einfache<\/strong> Aufgaben <strong>verteilt.<\/strong> Der Name <strong>\u201eFaucet\u201c (engl.<\/strong> f\u00fcr Wasserhahn) ist eine Anspielung auf <strong>einen kleinen Wasserhahnbonus, dessen Bedeutung<\/strong> an einen tropfenden Wasserhahn <strong>erinnert.<\/strong> Um <strong>kostenlose Krypto<\/strong> von <strong>Faucet<\/strong> zu erhalten, m\u00fcssen <strong>Sie<\/strong> Aufgaben wie <strong>das L\u00f6sen von Captcha-Abfragen, das Ansehen von Anzeigen, das Beantworten von Umfragen, das Klicken auf<\/strong> Videos und <strong>Links, das Spielen von Minispielen usw. ausf\u00fchren. Kredite werden<\/strong> in der Regel <strong>sofort gew\u00e4hrt. Zahlungen<\/strong> auf <strong>das<\/strong> Wallet <strong>eines Nutzers sind jedoch meist<\/strong> erst ab einem <strong>bestimmten<\/strong> Betrag <strong>m\u00f6glich. Probleme<\/strong> und Risiken von <strong>Crypto Faucet<br><br>Mit einem verschl\u00fcsselten Wasserhahn wird man<\/strong> nicht schnell reich. <strong>Steigende Kryptow\u00e4hrungspreise in den<\/strong> letzten <strong>Monaten<\/strong> haben <strong>potenzielle Gewinne auf Fawcett minimiert. ist nicht in Werbeblockern verf\u00fcgbar. Seien Sie also vorsichtig<\/strong> mit Werbeversprechen <strong>Dritter. Geben Sie<\/strong> keine pers\u00f6nlichen <strong>Informationen an, verwenden Sie immer<\/strong> ein <strong>Antivirenprogramm oder senden Sie<\/strong> Kryptow\u00e4hrungen an <strong>diese Websites. Neben den Risiken<\/strong> dieser <strong>betr\u00fcgerischen Seiten besteht<\/strong> eines der gr\u00f6\u00dften <strong>Probleme darin,<\/strong> dass die <strong>Auszahlungen so niedrig sind, dass es unm\u00f6glich erscheint,<\/strong> das <strong>Auszahlungslimit zu erreichen. Dadurch kann es<\/strong> bei <strong>manchen<\/strong> Anbietern <strong>Monate dauern,<\/strong> bis <strong>man tats\u00e4chlich ein paar Euro verdient. Viele<\/strong> Faucet-Anbieter bieten auch <strong>andere<\/strong> Dienstleistungen <strong>im Casino-Stil an. Davon rate<\/strong> ich immer <strong>ab. Wenn Sie gerne spielen, sollten Sie Wasserh\u00e4hne meiden. Trotz<\/strong> allem <strong>kann man<\/strong> dank <strong>des Wasserhahns<\/strong> mit wenigen Klicks ein <strong>paar<\/strong> Euro <strong>verdienen. Vorgeschlagener Crypto Faucet 2023<br><br>Um kostenlose Kryptow\u00e4hrungen auf Faucet<\/strong> zu <strong>gewinnen, ben\u00f6tigen Sie:<br><br>Konto des entsprechenden Wasserhahnanbieters<\/strong> (ca. 1 <strong>Minute)<br>privates Anlageportfolio<br><br>Der<\/strong> im Video <strong>gezeigte Wasserhahn zahlt jetzt Kryptow\u00e4hrungen aus,<\/strong> die <strong>Sie verdienen<\/strong> und <strong>ausgeben<\/strong> k\u00f6nnen <strong>(seien Sie vorsichtig). Beachten Sie<\/strong> jedoch, dass <strong>Sie<\/strong> unter keinen Umst\u00e4nden Geld oder <strong>Kryptow\u00e4hrung auf der Faucet-Site einzahlen, Werbeaktionen oder<\/strong> hohe Gewinnchancen <strong>(insbesondere<\/strong> von <strong>Casinos) versprechen sollten. hinter der Wallet-Adresse).<br><br>Pipeflare* hat einen viel besseren Ruf als andere funktionale Wasserh\u00e4hne<\/strong> und <strong>gibt Ihnen<\/strong> die <strong>Chance, jeden Tag ZECs, FLRs<\/strong> und <strong>MATICs<\/strong> zu <strong>gewinnen. Die<\/strong> meisten <strong>Wasserh\u00e4hne<\/strong> sind selbsterkl\u00e4rend. <strong>Normalerweise m\u00fcssen Sie nur ein Konto mit Ihrer<\/strong> E-Mail-Adresse <strong>erstellen<\/strong> und <strong>best\u00e4tigen, um die &#8222;Quest&#8220; zu starten.<\/strong><\/p>\n","protected":false},"excerpt":{"rendered":"<p>F\u00fcr kleine Aufgaben mit Kryptow\u00e4hrungen belohnt werden Crypto Faucet erweckt den Eindruck, dass jeder ganz einfach und ohne Risiko kostenlose Kryptow\u00e4hrungen gewinnen kann. Allerdings gibt es einige Dinge zu beachten (ganz zu schweigen von einigen Armaturenanbietern, die \u201eseri\u00f6s\u201c ganz klein schreiben).In diesem Kapitel erfahren Sie mehr \u00fcber Crypto Faucet im Jahr 2022 und die Probleme, [&hellip;]<\/p>\n","protected":false},"author":2,"featured_media":0,"parent":0,"menu_order":0,"comment_status":"closed","ping_status":"closed","template":"","meta":{"footnotes":""},"class_list":["post-15","page","type-page","status-publish","hentry"],"_links":{"self":[{"href":"https:\/\/kryptaria.de\/index.php?rest_route=\/wp\/v2\/pages\/15","targetHints":{"allow":["GET"]}}],"collection":[{"href":"https:\/\/kryptaria.de\/index.php?rest_route=\/wp\/v2\/pages"}],"about":[{"href":"https:\/\/kryptaria.de\/index.php?rest_route=\/wp\/v2\/types\/page"}],"author":[{"embeddable":true,"href":"https:\/\/kryptaria.de\/index.php?rest_route=\/wp\/v2\/users\/2"}],"replies":[{"embeddable":true,"href":"https:\/\/kryptaria.de\/index.php?rest_route=%2Fwp%2Fv2%2Fcomments&post=15"}],"version-history":[{"count":4,"href":"https:\/\/kryptaria.de\/index.php?rest_route=\/wp\/v2\/pages\/15\/revisions"}],"predecessor-version":[{"id":62,"href":"https:\/\/kryptaria.de\/index.php?rest_route=\/wp\/v2\/pages\/15\/revisions\/62"}],"wp:attachment":[{"href":"https:\/\/kryptaria.de\/index.php?rest_route=%2Fwp%2Fv2%2Fmedia&parent=15"}],"curies":[{"name":"wp","href":"https:\/\/api.w.org\/{rel}","templated":true}]}}