{"id":11,"date":"2023-01-30T16:02:03","date_gmt":"2023-01-30T16:02:03","guid":{"rendered":"https:\/\/kryptaria.de\/?page_id=11"},"modified":"2023-02-02T20:59:53","modified_gmt":"2023-02-02T20:59:53","slug":"krypto-learn","status":"publish","type":"page","link":"https:\/\/kryptaria.de\/?page_id=11","title":{"rendered":"Krypto (L)earn"},"content":{"rendered":"\n<div class=\"wp-block-group\"><div class=\"wp-block-group__inner-container is-layout-constrained wp-block-group-is-layout-constrained\">\n<h1 class=\"has-text-align-center has-white-color has-text-color has-background wp-block-heading\" style=\"background-color:#0771e3\">Einf\u00fchrung in die Welt der Krypto-Lernprogramme: Verdiene beim Lernen<\/h1>\n<\/div><\/div>\n\n\n\n<h3 class=\"wp-block-heading\">Von Coinbase Earn bis Binance Learn: Verstehe die Konzepte und verdiene Belohnungen in Form von Kryptow\u00e4hrungen<\/h3>\n\n\n\n<p>Was ist Coinbase Earn und CoinMarketCap Earn und wie kann man hiermit kostenlos an Coins kommen. Dies sind zwei gro\u00dfartige M\u00f6glichkeiten, um in das Krypto-\u00d6kosystem einzusteigen und einige der bekanntesten Kryptow\u00e4hrungen zu verdienen.<\/p>\n\n\n\n<p>Kapitel 1: Lerne und verdiene Altcoins In diesem Kapitel stellen wir eine der einfachsten M\u00f6glichkeiten vor, verschiedene Kryptow\u00e4hrungen kostenlos zu verdienen. Ich zeige dir, welche Plattformen das sogenannte \u201eLernen und Verdienen\u201c anbieten, was dich erwartet und welche Voraussetzungen du erf\u00fcllen musst.<\/p>\n\n\n\n<h2 class=\"wp-block-heading\">Was ist Krypto(L)earn?<\/h2>\n\n\n\n<p>Crypto Earn wird oft als Synonym f\u00fcr Krypto-Lending verwendet, also das Verleihen von Kryptow\u00e4hrungen gegen Zinsen.<\/p>\n\n\n\n<p>Gro\u00dfe Kryptow\u00e4hrungsb\u00f6rsen und Kryptoplattformen bieten jedoch verschiedene Dienste mit \u201eVerdienen\u201c an, bei denen kostenlose Token durch den erfolgreichen Abschluss von Kryptokursen erworben werden k\u00f6nnen.<\/p>\n\n\n\n<p>In diesem Fall wird oft \u00fcber das Lernen und Verdienen von Kryptow\u00e4hrung oder das Lernen und Verdienen gesprochen. Sie brauchen keine eigene Kryptow\u00e4hrung oder Geld.<br><br>Betrachten wir nun die jeweiligen Ausgabenanforderungen der verschiedenen Plattformen.<\/p>\n\n\n\n<h2 class=\"wp-block-heading\">Coinbase Earn<\/h2>\n\n\n\n<p>F\u00fcr <strong>kostenlose Kryptow\u00e4hrungen bei Coinbase<\/strong>, ben\u00f6tigst du:<\/p>\n\n\n\n<ul class=\"wp-block-list\">\n<li>einen verifizierten <strong><a rel=\"noreferrer noopener\" href=\"https:\/\/coinbase.com\/join\/HOLCZE_8?src=referral-link\" target=\"_blank\">Coinbase<\/a><\/strong> * Account<\/li>\n<\/ul>\n\n\n\n<p>Zeitaufwand:<br>ca. 10 Minuten<\/p>\n\n\n\n<p>Coinbase Earn ist eine der einfachsten und schnellsten M\u00f6glichkeiten, Altcoins kostenlos zu verdienen. Alles, was Sie brauchen, ist ein Coinbase-Konto, und Sie m\u00fcssen Ihre Identit\u00e4t best\u00e4tigen. <\/p>\n\n\n\n<p>Dann kann es losgehen. Coinbase ver\u00f6ffentlicht regelm\u00e4\u00dfig neue Kryptow\u00e4hrungslektionen, die aus kurzen Videos oder animierten Geschichten bestehen. Nach einer von drei Lektionen f\u00fcr jede M\u00fcnze m\u00fcssen Sie Fragen richtig beantworten, um in der entsprechenden Kryptow\u00e4hrung belohnt zu werden. <\/p>\n\n\n\n<p>Wie hoch die entsprechende \u201eBelohnung\u201c ist, wird im entsprechenden Kurs erl\u00e4utert.<\/p>\n\n\n\n<p>Der gr\u00f6\u00dfte Vorteil von Coinbase Earn ist, dass Sie direkt f\u00fcr Kryptow\u00e4hrungen bezahlen. Unmittelbar nach erfolgreichem Abschluss der Lektion wird der Altcoin Ihrem Wallet gutgeschrieben.<\/p>\n\n\n\n<p>Bitte beachten Sie jedoch, dass der Verkauf einzelner Altcoins erst nach einer Haltedauer von einem Jahr steuerfrei ist!<\/p>\n\n\n\n<h2 class=\"wp-block-heading\">CoinMarketCap Earn<\/h2>\n\n\n\n<p>F\u00fcr <strong>kostenlose Kryptow\u00e4hrungen bei CoinMarketCap<\/strong> erhalten zu k\u00f6nnen, ben\u00f6tigst du:<\/p>\n\n\n\n<ul class=\"wp-block-list\">\n<li>einen <strong><a rel=\"noreferrer noopener\" href=\"https:\/\/kryptaria.de\" target=\"_blank\">CoinMarketCap Account<\/a><\/strong> *<\/li>\n\n\n\n<li>eine Binance User ID = einen <strong><a rel=\"noreferrer noopener\" href=\"https:\/\/kryptaria.de\" target=\"_blank\">Binance Account<\/a><\/strong> *<\/li>\n\n\n\n<li>eine eigene Wallet<\/li>\n<\/ul>\n\n\n\n<p>Zeitaufwand:<br>ca. 15 Minuten<\/p>\n\n\n\n<p>CoinMarketCap Earn \u00e4hnlich wie Coinbase Earn. Auf dieser Seite werden auch regelm\u00e4\u00dfig neue Kryptow\u00e4hrungsprojekte vorgestellt.<\/p>\n\n\n\n<p>Im Gegensatz zu Coinbase k\u00f6nnen alte Spins nicht ausgezahlt werden. Die Aktion ist nur f\u00fcr eine begrenzte Zeit g\u00fcltig. Sobald die Zeit abgelaufen ist, k\u00f6nnen Sie weiterhin mehr \u00fcber die teilnehmenden Kryptow\u00e4hrungen erfahren, werden jedoch nicht mehr belohnt.<\/p>\n\n\n\n<p>Alle derzeitg verf\u00fcgbaren Aufgaben findest Du links unten auf &#8222;Learning Rewards&#8220;<\/p>\n\n\n\n<p>Die Tests sind in der Regel schwieriger als die von Coinbase. Recherchiere daher, bevor Du auf die Fragen antwortest.<\/p>\n\n\n\n<p>Im jeweiligen Kurs findest Du ein Formular, das Du ausf\u00fcllen musst, wenn ein Quiz live ist. Ob Deine Antworten korrekt sind, wird Dir nicht mitgeteilt.<\/p>\n\n\n\n<p>Du musst sowohl eine Binance-Benutzer-ID als auch Deine CoinMarketCap-E-Mail-Adresse eingeben, bevor die ersten Fragen sichtbar sind. Eine der gr\u00f6\u00dften und g\u00fcnstigsten Kryptow\u00e4hrungsb\u00f6rsen der Welt ist erforderlich, um eine Binance-Benutzer-ID zu erhalten. <\/p>\n\n\n\n<p>Hier findest du ein Tutorial:<\/p>\n\n\n\n<p><strong>Mit diesem Code sparen Sie dauerhaft 10%<\/strong> bei der <strong>Registrierung:<\/strong> XXXXX <strong>(wenn Sie<\/strong> dieses Feld <strong>leer lassen, k\u00f6nnen Sie den Rabattcode zuk\u00fcnftig<\/strong> nicht mehr <strong>verwenden). Gehen Sie<\/strong> zu <strong>Binance* (Geb\u00fchren um 10% reduziert)<br><br>Nach den<\/strong> Multiple-Choice-Fragen <strong>werden Sie<\/strong> aufgefordert, <strong>Ihre<\/strong> BEP-20 <strong>(Binance<\/strong> Smart <strong>Chain Token Standard)<\/strong> oder ERC-20 <strong>(Token Standard on the<\/strong> Ethereum Blockchain) Wallet-Adresse <strong>einzugeben. Wenn Sie<\/strong> noch <strong>kein<\/strong> Wallet <strong>haben, sind<\/strong> Trust Wallet oder Coinbase Wallet <strong>ideal f\u00fcr Anf\u00e4nger. Sie k\u00f6nnen es kostenlos aus dem<\/strong> App Store <strong>herunterladen.<\/strong><\/p>\n\n\n\n<p>F\u00fcr die <strong>h\u00f6chste Sicherheit<\/strong> eignen sich folgende <strong>Hardware-Wallets<\/strong>:<\/p>\n\n\n\n<p><strong>Nach<\/strong> Abschluss <strong>des<\/strong> Krypto-Kurses <strong>werden Sie<\/strong> auf die urspr\u00fcngliche <strong>Veranstaltungsseite<\/strong> weitergeleitet. <strong>Vergessen Sie nicht, auf Formular senden zu klicken, da Ihre Antworten sonst<\/strong> nicht <strong>ber\u00fccksichtigt werden. Kryptow\u00e4hrungen<\/strong> werden <strong>in<\/strong> der <strong>Regel<\/strong> innerhalb von 2 bis 4 Wochen <strong>ausgezahlt,<\/strong> und <strong>anders als bei<\/strong> Coinbase <strong>gibt es<\/strong> (leider) <strong>keine Garantie.<\/strong><\/p>\n","protected":false},"excerpt":{"rendered":"<p>Einf\u00fchrung in die Welt der Krypto-Lernprogramme: Verdiene beim Lernen Von Coinbase Earn bis Binance Learn: Verstehe die Konzepte und verdiene Belohnungen in Form von Kryptow\u00e4hrungen Was ist Coinbase Earn und CoinMarketCap Earn und wie kann man hiermit kostenlos an Coins kommen. Dies sind zwei gro\u00dfartige M\u00f6glichkeiten, um in das Krypto-\u00d6kosystem einzusteigen und einige der bekanntesten [&hellip;]<\/p>\n","protected":false},"author":2,"featured_media":0,"parent":0,"menu_order":0,"comment_status":"closed","ping_status":"closed","template":"","meta":{"footnotes":""},"class_list":["post-11","page","type-page","status-publish","hentry"],"_links":{"self":[{"href":"https:\/\/kryptaria.de\/index.php?rest_route=\/wp\/v2\/pages\/11","targetHints":{"allow":["GET"]}}],"collection":[{"href":"https:\/\/kryptaria.de\/index.php?rest_route=\/wp\/v2\/pages"}],"about":[{"href":"https:\/\/kryptaria.de\/index.php?rest_route=\/wp\/v2\/types\/page"}],"author":[{"embeddable":true,"href":"https:\/\/kryptaria.de\/index.php?rest_route=\/wp\/v2\/users\/2"}],"replies":[{"embeddable":true,"href":"https:\/\/kryptaria.de\/index.php?rest_route=%2Fwp%2Fv2%2Fcomments&post=11"}],"version-history":[{"count":11,"href":"https:\/\/kryptaria.de\/index.php?rest_route=\/wp\/v2\/pages\/11\/revisions"}],"predecessor-version":[{"id":67,"href":"https:\/\/kryptaria.de\/index.php?rest_route=\/wp\/v2\/pages\/11\/revisions\/67"}],"wp:attachment":[{"href":"https:\/\/kryptaria.de\/index.php?rest_route=%2Fwp%2Fv2%2Fmedia&parent=11"}],"curies":[{"name":"wp","href":"https:\/\/api.w.org\/{rel}","templated":true}]}}